{"id":4,"date":"2014-03-04T22:00:44","date_gmt":"2014-03-04T21:00:44","guid":{"rendered":"https:\/\/www.annadaniels.com\/?page_id=4"},"modified":"2019-04-12T18:29:38","modified_gmt":"2019-04-12T16:29:38","slug":"hem","status":"publish","type":"page","link":"https:\/\/www.annadaniels.com\/","title":{"rendered":"Hem"},"content":{"rendered":"\n<p><\/p>\n\n\n<p style=\"text-align: center;\"><a href=\"https:\/\/www.annadaniels.com\/wp-content\/uploads\/2019\/04\/sommar.jpg\"><img loading=\"lazy\" decoding=\"async\" class=\"alignnone size-full wp-image-802\" src=\"https:\/\/www.annadaniels.com\/wp-content\/uploads\/2019\/04\/sommar.jpg\" alt=\"\" width=\"1038\" height=\"350\" srcset=\"https:\/\/www.annadaniels.com\/wp-content\/uploads\/2019\/04\/sommar.jpg 1038w, https:\/\/www.annadaniels.com\/wp-content\/uploads\/2019\/04\/sommar-300x101.jpg 300w, https:\/\/www.annadaniels.com\/wp-content\/uploads\/2019\/04\/sommar-768x259.jpg 768w, https:\/\/www.annadaniels.com\/wp-content\/uploads\/2019\/04\/sommar-1024x345.jpg 1024w\" sizes=\"auto, (max-width: 1038px) 100vw, 1038px\" \/><\/a><\/p>\n<p style=\"text-align: center;\"><strong>V\u00e4lkommen<\/strong><br>till SilverAnna Daniels<br>Jag tillverkar smycken och f\u00f6rem\u00e5l med inspiration<br>fr\u00e5n v\u00e4xter och kryp, blandat med f\u00f6rem\u00e5l fr\u00e5n historien<b>.<br><\/b>Mjukt, organiskt, fantasifullt, slingrande och f\u00f6rtrollande.<\/p>","protected":false},"excerpt":{"rendered":"<p>V\u00e4lkommentill SilverAnna DanielsJag tillverkar smycken och f\u00f6rem\u00e5l med inspirationfr\u00e5n v\u00e4xter och kryp, blandat med f\u00f6rem\u00e5l fr\u00e5n historien.Mjukt, organiskt, fantasifullt, slingrande och f\u00f6rtrollande.<\/p>\n","protected":false},"author":1,"featured_media":0,"parent":0,"menu_order":0,"comment_status":"closed","ping_status":"closed","template":"","meta":{"ngg_post_thumbnail":0,"footnotes":""},"class_list":["post-4","page","type-page","status-publish","hentry"],"_links":{"self":[{"href":"https:\/\/www.annadaniels.com\/index.php?rest_route=\/wp\/v2\/pages\/4","targetHints":{"allow":["GET"]}}],"collection":[{"href":"https:\/\/www.annadaniels.com\/index.php?rest_route=\/wp\/v2\/pages"}],"about":[{"href":"https:\/\/www.annadaniels.com\/index.php?rest_route=\/wp\/v2\/types\/page"}],"author":[{"embeddable":true,"href":"https:\/\/www.annadaniels.com\/index.php?rest_route=\/wp\/v2\/users\/1"}],"replies":[{"embeddable":true,"href":"https:\/\/www.annadaniels.com\/index.php?rest_route=%2Fwp%2Fv2%2Fcomments&post=4"}],"version-history":[{"count":4,"href":"https:\/\/www.annadaniels.com\/index.php?rest_route=\/wp\/v2\/pages\/4\/revisions"}],"predecessor-version":[{"id":804,"href":"https:\/\/www.annadaniels.com\/index.php?rest_route=\/wp\/v2\/pages\/4\/revisions\/804"}],"wp:attachment":[{"href":"https:\/\/www.annadaniels.com\/index.php?rest_route=%2Fwp%2Fv2%2Fmedia&parent=4"}],"curies":[{"name":"wp","href":"https:\/\/api.w.org\/{rel}","templated":true}]}}