{"id":362,"date":"2017-12-06T18:35:38","date_gmt":"2017-12-06T17:35:38","guid":{"rendered":"https:\/\/www.annadaniels.com\/?page_id=362"},"modified":"2021-04-22T11:46:23","modified_gmt":"2021-04-22T09:46:23","slug":"kollektioner","status":"publish","type":"page","link":"https:\/\/www.annadaniels.com\/?page_id=362","title":{"rendered":"Kollektioner"},"content":{"rendered":"\n<div class=\"wp-block-media-text alignwide\" style=\"grid-template-columns:15% auto\"><figure class=\"wp-block-media-text__media\"><img loading=\"lazy\" decoding=\"async\" width=\"283\" height=\"283\" src=\"https:\/\/www.annadaniels.com\/wp-content\/uploads\/2021\/04\/Linnea.jpg\" alt=\"\" class=\"wp-image-982\" srcset=\"https:\/\/www.annadaniels.com\/wp-content\/uploads\/2021\/04\/Linnea.jpg 283w, https:\/\/www.annadaniels.com\/wp-content\/uploads\/2021\/04\/Linnea-150x150.jpg 150w, https:\/\/www.annadaniels.com\/wp-content\/uploads\/2021\/04\/Linnea-230x230.jpg 230w, https:\/\/www.annadaniels.com\/wp-content\/uploads\/2021\/04\/Linnea-80x80.jpg 80w\" sizes=\"auto, (max-width: 283px) 100vw, 283px\" \/><\/figure><div class=\"wp-block-media-text__content\">\n<p class=\"has-large-font-size\"><a href=\"https:\/\/www.annadaniels.com\/?page_id=917\">Linnea<\/a><\/p>\n<\/div><\/div>\n\n\n\n<p><\/p>\n\n\n\n<div class=\"wp-block-media-text alignwide\" style=\"grid-template-columns:15% auto\"><figure class=\"wp-block-media-text__media\"><img loading=\"lazy\" decoding=\"async\" width=\"283\" height=\"283\" src=\"https:\/\/www.annadaniels.com\/wp-content\/uploads\/2021\/04\/Nymphaea-argentum.jpg\" alt=\"\" class=\"wp-image-984\" srcset=\"https:\/\/www.annadaniels.com\/wp-content\/uploads\/2021\/04\/Nymphaea-argentum.jpg 283w, https:\/\/www.annadaniels.com\/wp-content\/uploads\/2021\/04\/Nymphaea-argentum-150x150.jpg 150w, https:\/\/www.annadaniels.com\/wp-content\/uploads\/2021\/04\/Nymphaea-argentum-230x230.jpg 230w, https:\/\/www.annadaniels.com\/wp-content\/uploads\/2021\/04\/Nymphaea-argentum-80x80.jpg 80w\" sizes=\"auto, (max-width: 283px) 100vw, 283px\" \/><\/figure><div class=\"wp-block-media-text__content\">\n<p class=\"has-large-font-size\"><a href=\"https:\/\/www.annadaniels.com\/?page_id=644\">Nymphaea argentum<\/a><\/p>\n<\/div><\/div>\n\n\n\n<p><\/p>\n\n\n\n<div class=\"wp-block-media-text alignwide\" style=\"grid-template-columns:15% auto\"><figure class=\"wp-block-media-text__media\"><img loading=\"lazy\" decoding=\"async\" width=\"283\" height=\"283\" src=\"https:\/\/www.annadaniels.com\/wp-content\/uploads\/2021\/04\/titanbaggar.jpg\" alt=\"\" class=\"wp-image-987\" srcset=\"https:\/\/www.annadaniels.com\/wp-content\/uploads\/2021\/04\/titanbaggar.jpg 283w, https:\/\/www.annadaniels.com\/wp-content\/uploads\/2021\/04\/titanbaggar-150x150.jpg 150w, https:\/\/www.annadaniels.com\/wp-content\/uploads\/2021\/04\/titanbaggar-230x230.jpg 230w, https:\/\/www.annadaniels.com\/wp-content\/uploads\/2021\/04\/titanbaggar-80x80.jpg 80w\" sizes=\"auto, (max-width: 283px) 100vw, 283px\" \/><\/figure><div class=\"wp-block-media-text__content\">\n<p class=\"has-large-font-size\"><a href=\"https:\/\/www.annadaniels.com\/?page_id=617\">Titanbaggar<\/a><\/p>\n<\/div><\/div>\n\n\n\n<p><\/p>\n\n\n\n<div class=\"wp-block-media-text alignwide\" style=\"grid-template-columns:15% auto\"><figure class=\"wp-block-media-text__media\"><img loading=\"lazy\" decoding=\"async\" width=\"283\" height=\"283\" src=\"https:\/\/www.annadaniels.com\/wp-content\/uploads\/2021\/04\/hostglod.jpg\" alt=\"\" class=\"wp-image-983\" srcset=\"https:\/\/www.annadaniels.com\/wp-content\/uploads\/2021\/04\/hostglod.jpg 283w, https:\/\/www.annadaniels.com\/wp-content\/uploads\/2021\/04\/hostglod-150x150.jpg 150w, https:\/\/www.annadaniels.com\/wp-content\/uploads\/2021\/04\/hostglod-230x230.jpg 230w, https:\/\/www.annadaniels.com\/wp-content\/uploads\/2021\/04\/hostglod-80x80.jpg 80w\" sizes=\"auto, (max-width: 283px) 100vw, 283px\" \/><\/figure><div class=\"wp-block-media-text__content\">\n<p class=\"has-large-font-size\"><a href=\"https:\/\/www.annadaniels.com\/?page_id=613\">H\u00f6stgl\u00f6d<\/a><\/p>\n<\/div><\/div>\n\n\n\n<p><\/p>\n\n\n\n<div class=\"wp-block-media-text alignwide\" style=\"grid-template-columns:15% auto\"><figure class=\"wp-block-media-text__media\"><img loading=\"lazy\" decoding=\"async\" width=\"283\" height=\"283\" src=\"https:\/\/www.annadaniels.com\/wp-content\/uploads\/2021\/04\/Rattvik.jpg\" alt=\"\" class=\"wp-image-985\" srcset=\"https:\/\/www.annadaniels.com\/wp-content\/uploads\/2021\/04\/Rattvik.jpg 283w, https:\/\/www.annadaniels.com\/wp-content\/uploads\/2021\/04\/Rattvik-150x150.jpg 150w, https:\/\/www.annadaniels.com\/wp-content\/uploads\/2021\/04\/Rattvik-230x230.jpg 230w, https:\/\/www.annadaniels.com\/wp-content\/uploads\/2021\/04\/Rattvik-80x80.jpg 80w\" sizes=\"auto, (max-width: 283px) 100vw, 283px\" \/><\/figure><div class=\"wp-block-media-text__content\">\n<p class=\"has-large-font-size\"><a href=\"https:\/\/www.annadaniels.com\/?page_id=323\">R\u00e4ttvik<\/a><\/p>\n<\/div><\/div>\n\n\n\n<p><\/p>\n\n\n\n<div class=\"wp-block-media-text alignwide\" style=\"grid-template-columns:15% auto\"><figure class=\"wp-block-media-text__media\"><img loading=\"lazy\" decoding=\"async\" width=\"283\" height=\"283\" src=\"https:\/\/www.annadaniels.com\/wp-content\/uploads\/2021\/04\/Varfrojd.jpg\" alt=\"\" class=\"wp-image-988\" srcset=\"https:\/\/www.annadaniels.com\/wp-content\/uploads\/2021\/04\/Varfrojd.jpg 283w, https:\/\/www.annadaniels.com\/wp-content\/uploads\/2021\/04\/Varfrojd-150x150.jpg 150w, https:\/\/www.annadaniels.com\/wp-content\/uploads\/2021\/04\/Varfrojd-230x230.jpg 230w, https:\/\/www.annadaniels.com\/wp-content\/uploads\/2021\/04\/Varfrojd-80x80.jpg 80w\" sizes=\"auto, (max-width: 283px) 100vw, 283px\" \/><\/figure><div class=\"wp-block-media-text__content\">\n<p class=\"has-large-font-size\"><a href=\"https:\/\/www.annadaniels.com\/?page_id=595\">V\u00e5rfr\u00f6jd<\/a><\/p>\n<\/div><\/div>\n\n\n\n<p><\/p>\n\n\n\n<div class=\"wp-block-media-text alignwide\" style=\"grid-template-columns:15% auto\"><figure class=\"wp-block-media-text__media\"><img loading=\"lazy\" decoding=\"async\" width=\"283\" height=\"283\" src=\"https:\/\/www.annadaniels.com\/wp-content\/uploads\/2021\/04\/Fred.jpg\" alt=\"\" class=\"wp-image-991\" srcset=\"https:\/\/www.annadaniels.com\/wp-content\/uploads\/2021\/04\/Fred.jpg 283w, https:\/\/www.annadaniels.com\/wp-content\/uploads\/2021\/04\/Fred-150x150.jpg 150w, https:\/\/www.annadaniels.com\/wp-content\/uploads\/2021\/04\/Fred-230x230.jpg 230w, https:\/\/www.annadaniels.com\/wp-content\/uploads\/2021\/04\/Fred-80x80.jpg 80w\" sizes=\"auto, (max-width: 283px) 100vw, 283px\" \/><\/figure><div class=\"wp-block-media-text__content\">\n<p class=\"has-large-font-size\"><a href=\"https:\/\/www.annadaniels.com\/?page_id=615\">Fred<\/a><\/p>\n<\/div><\/div>\n\n\n\n<p><\/p>\n\n\n\n<div class=\"wp-block-media-text alignwide\" style=\"grid-template-columns:15% auto\"><figure class=\"wp-block-media-text__media\"><img loading=\"lazy\" decoding=\"async\" width=\"283\" height=\"283\" src=\"https:\/\/www.annadaniels.com\/wp-content\/uploads\/2021\/04\/stripes.jpg\" alt=\"\" class=\"wp-image-986\" srcset=\"https:\/\/www.annadaniels.com\/wp-content\/uploads\/2021\/04\/stripes.jpg 283w, https:\/\/www.annadaniels.com\/wp-content\/uploads\/2021\/04\/stripes-150x150.jpg 150w, https:\/\/www.annadaniels.com\/wp-content\/uploads\/2021\/04\/stripes-230x230.jpg 230w, https:\/\/www.annadaniels.com\/wp-content\/uploads\/2021\/04\/stripes-80x80.jpg 80w\" sizes=\"auto, (max-width: 283px) 100vw, 283px\" \/><\/figure><div class=\"wp-block-media-text__content\">\n<p class=\"has-large-font-size\"><a href=\"https:\/\/www.annadaniels.com\/?page_id=634\">Stripes<\/a><\/p>\n<\/div><\/div>\n\n\n\n<p><\/p>\n\n\n\n<div class=\"wp-block-media-text alignwide\" style=\"grid-template-columns:15% auto\"><figure class=\"wp-block-media-text__media\"><img loading=\"lazy\" decoding=\"async\" width=\"283\" height=\"283\" src=\"https:\/\/www.annadaniels.com\/wp-content\/uploads\/2021\/04\/baggar-och-blad.jpg\" alt=\"\" class=\"wp-image-992\" srcset=\"https:\/\/www.annadaniels.com\/wp-content\/uploads\/2021\/04\/baggar-och-blad.jpg 283w, https:\/\/www.annadaniels.com\/wp-content\/uploads\/2021\/04\/baggar-och-blad-150x150.jpg 150w, https:\/\/www.annadaniels.com\/wp-content\/uploads\/2021\/04\/baggar-och-blad-230x230.jpg 230w, https:\/\/www.annadaniels.com\/wp-content\/uploads\/2021\/04\/baggar-och-blad-80x80.jpg 80w\" sizes=\"auto, (max-width: 283px) 100vw, 283px\" \/><\/figure><div class=\"wp-block-media-text__content\">\n<p class=\"has-large-font-size\"><a href=\"https:\/\/www.annadaniels.com\/?page_id=658\">Baggar och blad<\/a><\/p>\n<\/div><\/div>\n","protected":false},"excerpt":{"rendered":"<p>Linnea Nymphaea argentum Titanbaggar H\u00f6stgl\u00f6d R\u00e4ttvik V\u00e5rfr\u00f6jd Fred Stripes Baggar och blad<\/p>\n","protected":false},"author":1,"featured_media":0,"parent":0,"menu_order":0,"comment_status":"closed","ping_status":"closed","template":"","meta":{"ngg_post_thumbnail":0,"footnotes":""},"class_list":["post-362","page","type-page","status-publish","hentry"],"_links":{"self":[{"href":"https:\/\/www.annadaniels.com\/index.php?rest_route=\/wp\/v2\/pages\/362","targetHints":{"allow":["GET"]}}],"collection":[{"href":"https:\/\/www.annadaniels.com\/index.php?rest_route=\/wp\/v2\/pages"}],"about":[{"href":"https:\/\/www.annadaniels.com\/index.php?rest_route=\/wp\/v2\/types\/page"}],"author":[{"embeddable":true,"href":"https:\/\/www.annadaniels.com\/index.php?rest_route=\/wp\/v2\/users\/1"}],"replies":[{"embeddable":true,"href":"https:\/\/www.annadaniels.com\/index.php?rest_route=%2Fwp%2Fv2%2Fcomments&post=362"}],"version-history":[{"count":4,"href":"https:\/\/www.annadaniels.com\/index.php?rest_route=\/wp\/v2\/pages\/362\/revisions"}],"predecessor-version":[{"id":994,"href":"https:\/\/www.annadaniels.com\/index.php?rest_route=\/wp\/v2\/pages\/362\/revisions\/994"}],"wp:attachment":[{"href":"https:\/\/www.annadaniels.com\/index.php?rest_route=%2Fwp%2Fv2%2Fmedia&parent=362"}],"curies":[{"name":"wp","href":"https:\/\/api.w.org\/{rel}","templated":true}]}}