{"id":351,"date":"2017-12-06T18:28:19","date_gmt":"2017-12-06T17:28:19","guid":{"rendered":"https:\/\/www.annadaniels.com\/?page_id=351"},"modified":"2023-01-23T14:49:08","modified_gmt":"2023-01-23T13:49:08","slug":"prints","status":"publish","type":"page","link":"https:\/\/www.annadaniels.com\/?page_id=351","title":{"rendered":"Print"},"content":{"rendered":"\n<p>Print i h\u00f6g kvalitet med 260 g syrafritt 100% bomullspapper.<br>A4, 21 cm x 29,7 cm, 290 kr. Med ram 30&#215;40 cm och passepartout 950 kr.<br>A3, 29,7 cm x 42 cm, 420 kr. Med ram 40&#215;50 cm och passepartout 1200 kr.<br>A2, 42 cm x 59,4 cm, 850 kr. Med ram 50&#215;60-70 cm och passepartout 1800 kr.<\/p>\n\n\n\n<p>Alla mina insekter har formen fr\u00e5n riktiga kryp, men har smyckats med nya f\u00e4rger och m\u00f6nster. Vissa med tydlig inspiration och vissa med fantasim\u00f6nster. <\/p>\n\n\n\nngg_shortcode_0_placeholder\n","protected":false},"excerpt":{"rendered":"<p>Print i h\u00f6g kvalitet med 260 g syrafritt 100% bomullspapper.A4, 21 cm x 29,7 cm, 290 kr. Med ram 30&#215;40 cm och passepartout 950 kr.A3, 29,7 cm x 42 cm, 420 kr. Med ram 40&#215;50 cm och passepartout 1200 kr.A2,&hellip; <\/p>\n","protected":false},"author":1,"featured_media":0,"parent":0,"menu_order":0,"comment_status":"closed","ping_status":"closed","template":"","meta":{"ngg_post_thumbnail":0,"footnotes":""},"class_list":["post-351","page","type-page","status-publish","hentry"],"_links":{"self":[{"href":"https:\/\/www.annadaniels.com\/index.php?rest_route=\/wp\/v2\/pages\/351","targetHints":{"allow":["GET"]}}],"collection":[{"href":"https:\/\/www.annadaniels.com\/index.php?rest_route=\/wp\/v2\/pages"}],"about":[{"href":"https:\/\/www.annadaniels.com\/index.php?rest_route=\/wp\/v2\/types\/page"}],"author":[{"embeddable":true,"href":"https:\/\/www.annadaniels.com\/index.php?rest_route=\/wp\/v2\/users\/1"}],"replies":[{"embeddable":true,"href":"https:\/\/www.annadaniels.com\/index.php?rest_route=%2Fwp%2Fv2%2Fcomments&post=351"}],"version-history":[{"count":9,"href":"https:\/\/www.annadaniels.com\/index.php?rest_route=\/wp\/v2\/pages\/351\/revisions"}],"predecessor-version":[{"id":1051,"href":"https:\/\/www.annadaniels.com\/index.php?rest_route=\/wp\/v2\/pages\/351\/revisions\/1051"}],"wp:attachment":[{"href":"https:\/\/www.annadaniels.com\/index.php?rest_route=%2Fwp%2Fv2%2Fmedia&parent=351"}],"curies":[{"name":"wp","href":"https:\/\/api.w.org\/{rel}","templated":true}]}}