{"id":349,"date":"2017-12-06T18:27:55","date_gmt":"2017-12-06T17:27:55","guid":{"rendered":"https:\/\/www.annadaniels.com\/?page_id=349"},"modified":"2023-01-23T15:10:20","modified_gmt":"2023-01-23T14:10:20","slug":"konstkort","status":"publish","type":"page","link":"https:\/\/www.annadaniels.com\/?page_id=349","title":{"rendered":"Konstkort"},"content":{"rendered":"\n<p>Kort i 300g, high white, FSC certifierat papper.<br>M\u00e5tt: 14,8 cm x 21 cm och 14,8 cm x 14,8 cm.<br>35 kr\/st.<\/p>\n\n\n\n<p>Alla mina insekter har formen fr\u00e5n riktiga kryp, men har smyckats med nya f\u00e4rger och m\u00f6nster. Vissa med tydlig inspiration och vissa med fantasim\u00f6nster.  <\/p>\n\n\nngg_shortcode_0_placeholder","protected":false},"excerpt":{"rendered":"<p>Kort i 300g, high white, FSC certifierat papper.M\u00e5tt: 14,8 cm x 21 cm och 14,8 cm x 14,8 cm.35 kr\/st. Alla mina insekter har formen fr\u00e5n riktiga kryp, men har smyckats med nya f\u00e4rger och m\u00f6nster. Vissa med tydlig inspiration&hellip; <\/p>\n","protected":false},"author":1,"featured_media":0,"parent":0,"menu_order":0,"comment_status":"closed","ping_status":"closed","template":"","meta":{"ngg_post_thumbnail":0,"footnotes":""},"class_list":["post-349","page","type-page","status-publish","hentry"],"_links":{"self":[{"href":"https:\/\/www.annadaniels.com\/index.php?rest_route=\/wp\/v2\/pages\/349","targetHints":{"allow":["GET"]}}],"collection":[{"href":"https:\/\/www.annadaniels.com\/index.php?rest_route=\/wp\/v2\/pages"}],"about":[{"href":"https:\/\/www.annadaniels.com\/index.php?rest_route=\/wp\/v2\/types\/page"}],"author":[{"embeddable":true,"href":"https:\/\/www.annadaniels.com\/index.php?rest_route=\/wp\/v2\/users\/1"}],"replies":[{"embeddable":true,"href":"https:\/\/www.annadaniels.com\/index.php?rest_route=%2Fwp%2Fv2%2Fcomments&post=349"}],"version-history":[{"count":11,"href":"https:\/\/www.annadaniels.com\/index.php?rest_route=\/wp\/v2\/pages\/349\/revisions"}],"predecessor-version":[{"id":1052,"href":"https:\/\/www.annadaniels.com\/index.php?rest_route=\/wp\/v2\/pages\/349\/revisions\/1052"}],"wp:attachment":[{"href":"https:\/\/www.annadaniels.com\/index.php?rest_route=%2Fwp%2Fv2%2Fmedia&parent=349"}],"curies":[{"name":"wp","href":"https:\/\/api.w.org\/{rel}","templated":true}]}}